{"id":2297,"date":"2025-02-12T17:31:30","date_gmt":"2025-02-12T16:31:30","guid":{"rendered":"https:\/\/acs-avtomobili.si\/cookies\/"},"modified":"2025-05-19T08:11:09","modified_gmt":"2025-05-19T07:11:09","slug":"cookies","status":"publish","type":"page","link":"https:\/\/acs-avtomobili.si\/de\/cookies\/","title":{"rendered":"Cookies"},"content":{"rendered":"\t\t<div data-elementor-type=\"wp-page\" data-elementor-id=\"2297\" class=\"elementor elementor-2297 elementor-1428\" data-elementor-post-type=\"page\">\n\t\t\t\t<div class=\"elementor-element elementor-element-fc44dd2 e-flex e-con-boxed e-con e-parent\" data-id=\"fc44dd2\" data-element_type=\"container\">\n\t\t\t\t\t<div class=\"e-con-inner\">\n\t\t<div class=\"elementor-element elementor-element-0e077a1 e-con-full e-flex e-con e-child\" data-id=\"0e077a1\" data-element_type=\"container\">\n\t\t\t\t<div class=\"elementor-element elementor-element-5f094ed elementor-widget elementor-widget-text-editor\" data-id=\"5f094ed\" data-element_type=\"widget\" data-widget_type=\"text-editor.default\">\n\t\t\t\t<div class=\"elementor-widget-container\">\n\t\t\t\t\t\t\t\t\t<h3>Inhalts\u00fcbersicht<\/h3><ul><li>Was sind Cookies?<\/li><li>Warum sind Cookies notwendig?<\/li><li>Warum verwendet unsere Website Cookies?<\/li><li>Deaktivieren von Cookies<\/li><li>Arten von Cookies, die wir auf dieser Website verwenden<\/li><li>Tabelle der verwendeten Cookies<\/li><\/ul><h3>Was sind Cookies?<\/h3><p>Cookies sind kleine Dateien, die wir auf Ihrem Computer ablegen, um Ihre Benutzerfreundlichkeit zu verbessern. Cookies selbst enthalten keine Daten. Sie haben immer die M\u00f6glichkeit, Cookies zu akzeptieren oder abzulehnen. Ihre Speicherung unterliegt der vollen Kontrolle des vom Nutzer verwendeten Browsers. Cookies sind kleine Dateien, die von den Websites, die Sie besuchen, an Ihren Computer gesendet und dort gespeichert werden. Sie enthalten in der Regel: den Namen des Servers, von dem das Cookie gesendet wurde; die Lebensdauer des Cookies; einen Wert (eine eindeutige Nummer). Cookies werden im Dateiverzeichnis Ihres Webbrowsers gespeichert. Wenn Sie die Website das n\u00e4chste Mal besuchen, liest der Browser das Cookie und gibt die Informationen an die Website oder ein anderes Element weiter, das das Cookie gesetzt hat.       <\/p><h3>Warum sind Cookies notwendig?<\/h3><p>Sie sind von grundlegender Bedeutung f\u00fcr die Bereitstellung benutzerfreundlicher Online-Dienste. Cookies machen die Interaktion zwischen dem Webnutzer und der Website schneller und einfacher. Sie helfen der Website, sich an die Vorlieben und Erfahrungen des Einzelnen zu erinnern, was Zeit spart und das Surfen effizienter und benutzerfreundlicher macht.  <\/p><p>Einige konkrete Beispiele daf\u00fcr, wie Cookies verwendet werden:<\/p><ul><li>F\u00fcr eine bessere Nutzererfahrung passen wir die Anzeige von Inhalten f\u00fcr Besucher auf der Grundlage fr\u00fcherer Besuche an.<\/li><li>Auswahlm\u00f6glichkeiten bei der Vorauswahl und dem Vergleich von Ger\u00e4ten und Angeboten zu speichern<\/li><li>wir halten Sie auf den Teilen der Website, die ein Login erfordern, eingeloggt<\/li><li>Ihr Ger\u00e4t (Computer, Tablet, Mobiltelefon) zu erkennen, damit Sie die Anzeige der Inhalte an Ihr Ger\u00e4t anpassen k\u00f6nnen<\/li><li>um den Datenverkehr zu \u00fcberwachen, was uns erm\u00f6glicht, die Wirksamkeit von Inhalten und Anzeigen zu \u00fcberpr\u00fcfen und unsere Websites kontinuierlich zu verbessern<\/li><li>sie f\u00fcr das Funktionieren bestimmter Dienste erforderlich sind (z. B. Online-Shops und andere Formen des elektronischen Gesch\u00e4ftsverkehrs, &#8230;)<\/li><\/ul><h3>Warum verwendet unsere Website Cookies?<\/h3><p>Cookies sind ein wichtiges Mittel, um Inhalte frisch und relevant zu halten, entsprechend den Interessen und Vorlieben der einzelnen Internetnutzer. Die Gr\u00fcnde f\u00fcr die Verwendung von Cookies ergeben sich aus ihren Eigenschaften (eine davon ist die Speicherung von Informationen \u00fcber den Zustand einer bestimmten Website), Cookies helfen bei der Umsetzung verschiedener Online-Dienste (Online-Shops), sie helfen bei der Sammlung verschiedener Statistiken, da nur mit ihnen die H\u00e4ufigkeit der Besuche auf einer bestimmten Website \u00fcberwacht werden kann. Cookies erm\u00f6glichen es dem Betreiber der Website, die Wirksamkeit der Gestaltung seiner Website sowie die Relevanz der Art und Anzahl der Werbung zu beurteilen, die den Nutzern der Website Dritter angeboten wird.  <\/p><h3>Deaktivieren von Cookies<\/h3><p>Sie entscheiden, ob Sie die Speicherung von Cookies auf Ihrem Computer zulassen oder nicht. Sie k\u00f6nnen Ihre Cookie-Einstellungen \u00fcber die von Ihnen gew\u00e4hlten Einstellungen in Ihrem Webbrowser kontrollieren und \u00e4ndern. Um Informationen \u00fcber Ihre Cookie-Einstellungen zu erhalten, w\u00e4hlen Sie bitte den von Ihnen verwendeten Webbrowser.  <\/p><ul><li><a href=\"https:\/\/support.google.com\/chrome\/answer\/95647?hl=sl-sl&amp;p=cpn_cookies\" target=\"_blank\" rel=\"noopener\">Chrom<\/a><\/li><li><a href=\"https:\/\/support.mozilla.org\/sl\/kb\/izbrisite-piskotke-podatke-strani\" target=\"_blank\" rel=\"noopener\">Feuerfuchs<\/a><\/li><li><a href=\"https:\/\/support.microsoft.com\/sl-si\/windows\/upravljanje-pi%C5%A1kotkov-v-brskalniku-microsoft-edge-ogled-omogo%C4%8Danje-blokiranje-brisanje-in-uporaba-168dab11-0753-043d-7c16-ede5947fc64d\" target=\"_blank\" rel=\"noopener\">Rand<\/a><\/li><li><a href=\"http:\/\/www.opera.com\/help\/tutorials\/security\/cookies\/\" target=\"_blank\" rel=\"noopener\">Oper<\/a> (Englische Seite)<\/li><li><a href=\"https:\/\/support.apple.com\/sl-si\/guide\/safari\/sfri11471\/mac\" target=\"_blank\" rel=\"noopener\">Safari<\/a><\/li><\/ul><h3>Arten von Cookies, die wir auf dieser Website verwenden<\/h3><p>Die folgenden Cookies werden verwendet, um das Funktionieren aller Funktionen der Website zu gew\u00e4hrleisten:<\/p><ul><li>Cookies f\u00fcr analytische Zwecke<\/li><li>Cookie zur Verfolgung der Reiseroute von nicht registrierten Benutzern<\/li><li>Bestimmte Inhalte sind auf einen bestimmten Nutzer zugeschnitten, die Analyse des Website-Verkehrs erm\u00f6glicht eine kontinuierliche Verbesserung der Website<\/li><\/ul><p>Die genaue Beschreibung der einzelnen Cookies und der Zeitpunkt ihrer Platzierung sind in den nachstehenden Tabellen zu sehen:<\/p><ol><li>Gruppe: Streng notwendige Cookies<br>Cookies sind Textdateien, die Ihren Computer auf einem Server identifizieren. Cookies identifizieren nicht den einzelnen Nutzer als solchen, sondern den Computer, der f\u00fcr den Zugriff auf die Website verwendet wird. Streng notwendige Cookies machen eine Website nutzbar, indem sie grundlegende Funktionen wie die Navigation auf der Website und den Zugang zu sicheren Bereichen der Website erm\u00f6glichen. Ohne diese Cookies kann die Website nicht richtig funktionieren.<br><br><\/li><li>Gruppe: Optionale\/analytische Cookies<br>Statistik-Cookies helfen Website-Besitzern zu verstehen, wie Besucher die Website nutzen, indem sie Informationen anonym sammeln und melden.<br><br><\/li><li>Gruppe: Marketing-Cookies<br>Sie werden verwendet, um Nutzer durch die Website zu verfolgen. Ziel ist es, Anzeigen zu schalten, die f\u00fcr den einzelnen Nutzer relevant und interessant sind.<\/li><\/ol><h3>Tabelle der verwendeten Cookies<\/h3><div class=\"cky-audit-table-element\"> <\/div>\t\t\t\t\t\t\t\t<\/div>\n\t\t\t\t<\/div>\n\t\t\t\t<\/div>\n\t\t\t\t\t<\/div>\n\t\t\t\t<\/div>\n\t\t\t\t<\/div>\n\t\t","protected":false},"excerpt":{"rendered":"Inhalts\u00fcbersicht Was sind Cookies? Warum sind Cookies notwendig? Warum verwendet unsere Website Cookies? Deaktivieren von Cookies Arten von Cookies, die wir auf dieser Website verwenden Tabelle der verwendeten Cookies Was sind Cookies? Cookies sind kleine Dateien, die wir auf Ihrem Computer ablegen, um Ihre Benutzerfreundlichkeit zu verbessern. Cookies selbst enthalten keine Daten. Sie haben immer&#8230; <a class=\"view-article\" href=\"https:\/\/acs-avtomobili.si\/de\/cookies\/\">View Article<\/a>","protected":false},"author":3,"featured_media":0,"parent":0,"menu_order":0,"comment_status":"closed","ping_status":"closed","template":"","meta":{"footnotes":""},"class_list":["post-2297","page","type-page","status-publish","hentry"],"_links":{"self":[{"href":"https:\/\/acs-avtomobili.si\/de\/wp-json\/wp\/v2\/pages\/2297","targetHints":{"allow":["GET"]}}],"collection":[{"href":"https:\/\/acs-avtomobili.si\/de\/wp-json\/wp\/v2\/pages"}],"about":[{"href":"https:\/\/acs-avtomobili.si\/de\/wp-json\/wp\/v2\/types\/page"}],"author":[{"embeddable":true,"href":"https:\/\/acs-avtomobili.si\/de\/wp-json\/wp\/v2\/users\/3"}],"replies":[{"embeddable":true,"href":"https:\/\/acs-avtomobili.si\/de\/wp-json\/wp\/v2\/comments?post=2297"}],"version-history":[{"count":3,"href":"https:\/\/acs-avtomobili.si\/de\/wp-json\/wp\/v2\/pages\/2297\/revisions"}],"predecessor-version":[{"id":2938,"href":"https:\/\/acs-avtomobili.si\/de\/wp-json\/wp\/v2\/pages\/2297\/revisions\/2938"}],"wp:attachment":[{"href":"https:\/\/acs-avtomobili.si\/de\/wp-json\/wp\/v2\/media?parent=2297"}],"curies":[{"name":"wp","href":"https:\/\/api.w.org\/{rel}","templated":true}]}}