{"id":2336,"date":"2025-02-12T09:04:20","date_gmt":"2025-02-12T08:04:20","guid":{"rendered":"https:\/\/acs-avtomobili.si\/kontakt\/"},"modified":"2025-05-19T08:11:39","modified_gmt":"2025-05-19T07:11:39","slug":"kontakt","status":"publish","type":"page","link":"https:\/\/acs-avtomobili.si\/de\/kontakt\/","title":{"rendered":"Kontakt"},"content":{"rendered":"\t\t<div data-elementor-type=\"wp-page\" data-elementor-id=\"2336\" class=\"elementor elementor-2336 elementor-1169\" data-elementor-post-type=\"page\">\n\t\t\t\t<div class=\"elementor-element elementor-element-6843894 e-flex e-con-boxed e-con e-parent\" data-id=\"6843894\" data-element_type=\"container\">\n\t\t\t\t\t<div class=\"e-con-inner\">\n\t\t<div class=\"elementor-element elementor-element-44b6539 e-con-full e-flex e-con e-child\" data-id=\"44b6539\" data-element_type=\"container\">\n\t\t<div class=\"elementor-element elementor-element-d7cc46a e-con-full e-flex e-con e-child\" data-id=\"d7cc46a\" data-element_type=\"container\">\n\t\t\t\t<div class=\"elementor-element elementor-element-43e4ff3 elementor-widget elementor-widget-heading\" data-id=\"43e4ff3\" data-element_type=\"widget\" data-widget_type=\"heading.default\">\n\t\t\t\t<div class=\"elementor-widget-container\">\n\t\t\t\t\t<h1 class=\"elementor-heading-title elementor-size-default\">Kontakt<\/h1>\t\t\t\t<\/div>\n\t\t\t\t<\/div>\n\t\t\t\t<\/div>\n\t\t<div class=\"elementor-element elementor-element-1123695 e-con-full e-flex e-con e-child\" data-id=\"1123695\" data-element_type=\"container\">\n\t\t<div class=\"elementor-element elementor-element-45159ee e-con-full e-flex e-con e-child\" data-id=\"45159ee\" data-element_type=\"container\">\n\t\t\t\t<div class=\"elementor-element elementor-element-4af92c8 elementor-widget elementor-widget-heading\" data-id=\"4af92c8\" data-element_type=\"widget\" data-widget_type=\"heading.default\">\n\t\t\t\t<div class=\"elementor-widget-container\">\n\t\t\t\t\t<h2 class=\"elementor-heading-title elementor-size-default\">AC\u0160 Avtomobili, d.o.o.<\/h2>\t\t\t\t<\/div>\n\t\t\t\t<\/div>\n\t\t\t\t<div class=\"elementor-element elementor-element-b0d01e8 elementor-widget elementor-widget-text-editor\" data-id=\"b0d01e8\" data-element_type=\"widget\" data-widget_type=\"text-editor.default\">\n\t\t\t\t<div class=\"elementor-widget-container\">\n\t\t\t\t\t\t\t\t\t<p>Jedlovnik 1A, 2201, Zgornja Kungota<\/p><p><strong>Registrierungsnummer:<\/strong> 2371162000<br><strong>Steuernummer:<\/strong> SI47731109<br><strong>Mehrwertsteuerpflichtig:<\/strong> JA<\/p><p><strong>TRR:<\/strong> SI56 0451 5000 2208 713 &#8211; Nova KBM d.d.<br><strong>TRR:<\/strong> SI56 3000 0001 3639 788 &#8211; Sberbank d.d.<br><strong>TRR:<\/strong> SI56 3300 0000 7567 155 &#8211; Addiko bank d.d.<\/p><h3>Die \u00d6ffnungszeiten<\/h3><p><strong>Mo &#8211; Fr:<\/strong> 8:00 &#8211; 12:00, 13:00 &#8211; 17:00<br><strong>Samstag:<\/strong> 8:00 &#8211; 12:00<br><strong>Sonntag:<\/strong> geschlossen<\/p>\t\t\t\t\t\t\t\t<\/div>\n\t\t\t\t<\/div>\n\t\t\t\t<\/div>\n\t\t<div class=\"elementor-element elementor-element-708ccc2 e-con-full e-flex e-con e-child\" data-id=\"708ccc2\" data-element_type=\"container\">\n\t\t\t\t<div class=\"elementor-element elementor-element-2eb7613 elementor-widget elementor-widget-heading\" data-id=\"2eb7613\" data-element_type=\"widget\" data-widget_type=\"heading.default\">\n\t\t\t\t<div class=\"elementor-widget-container\">\n\t\t\t\t\t<h2 class=\"elementor-heading-title elementor-size-default\">Kontakt<\/h2>\t\t\t\t<\/div>\n\t\t\t\t<\/div>\n\t\t\t\t<div class=\"elementor-element elementor-element-05916f8 elementor-widget elementor-widget-text-editor\" data-id=\"05916f8\" data-element_type=\"widget\" data-widget_type=\"text-editor.default\">\n\t\t\t\t<div class=\"elementor-widget-container\">\n\t\t\t\t\t\t\t\t\t<h3>Verkauf von Ersatzteilen<\/h3><p><strong>Telefon:<\/strong> <span style=\"color: #2e2e2e;\"><a style=\"color: #2e2e2e;\" href=\"Tel:+386%2031%20317%20432\">+386 31 317 432<\/a><\/span><br><strong>Telefon:<\/strong> <span style=\"color: #800080;\"><a style=\"color: #800080;\" href=\"Tel:+386%2040%20688%20888\">+386 40 688 888<\/a><\/span><br><strong>E-Mail:<\/strong> <a href=\"mailto:rezervni.deli@acs-avtomobili.si\">rezervni.deli@acs-avtomobili.si<\/a><\/p><h3>Verkauf und Ankauf von besch\u00e4digten Autos, Reparatur, Autovermietung<\/h3><p><strong>Telefon:<\/strong> <a href=\"Tel:+386%2041%20623%20850\">+386 41 623 850<\/a><br><span style=\"color: #2e2e2e;\"><strong>E-Mail:<\/strong><\/span> <a href=\"mailto:info@acs-avtomobili.si\">info@acs-avtomobili.si<\/a><\/p><h3>Sekretariat<\/h3><p><strong>Telefon:<\/strong> <a href=\"tel:+386%2031%20303%20773\">+386 31 303 773<\/a><br><strong>E-Mail:<\/strong> <span style=\"color: #2e2e2e;\"><a style=\"color: #2e2e2e;\" href=\"mailto:tajnistvo@acs-avtomobili.si\">tajnistvo@acs-avtomobili.si<\/a><\/span><\/p>\t\t\t\t\t\t\t\t<\/div>\n\t\t\t\t<\/div>\n\t\t\t\t<\/div>\n\t\t<div class=\"elementor-element elementor-element-16cb8f8 e-con-full elementor-hidden-tablet_extra elementor-hidden-tablet elementor-hidden-mobile_extra elementor-hidden-mobile e-flex e-con e-child\" data-id=\"16cb8f8\" data-element_type=\"container\">\n\t\t\t\t<\/div>\n\t\t\t\t<\/div>\n\t\t\t\t<\/div>\n\t\t\t\t\t<\/div>\n\t\t\t\t<\/div>\n\t\t<div class=\"elementor-element elementor-element-920ea2f e-flex e-con-boxed e-con e-parent\" data-id=\"920ea2f\" data-element_type=\"container\">\n\t\t\t\t\t<div class=\"e-con-inner\">\n\t\t<div class=\"elementor-element elementor-element-18cbcab e-con-full e-flex e-con e-child\" data-id=\"18cbcab\" data-element_type=\"container\">\n\t\t<div class=\"elementor-element elementor-element-1281753 e-con-full e-flex e-con e-child\" data-id=\"1281753\" data-element_type=\"container\">\n\t\t\t\t<div class=\"elementor-element elementor-element-b1b0b54 elementor-widget elementor-widget-shortcode\" data-id=\"b1b0b54\" data-element_type=\"widget\" data-widget_type=\"shortcode.default\">\n\t\t\t\t<div class=\"elementor-widget-container\">\n\t\t\t\t\t\t\t<div class=\"elementor-shortcode\">\n<div class=\"wpcf7 no-js\" id=\"wpcf7-f2355-o1\" lang=\"de-DE\" dir=\"ltr\" data-wpcf7-id=\"2355\">\n<div class=\"screen-reader-response\"><p role=\"status\" aria-live=\"polite\" aria-atomic=\"true\"><\/p> <ul><\/ul><\/div>\n<form action=\"\/de\/wp-json\/wp\/v2\/pages\/2336#wpcf7-f2355-o1\" method=\"post\" class=\"wpcf7-form init\" aria-label=\"Kontaktformular\" novalidate=\"novalidate\" data-status=\"init\">\n<fieldset class=\"hidden-fields-container\"><input type=\"hidden\" name=\"_wpcf7\" value=\"2355\" \/><input type=\"hidden\" name=\"_wpcf7_version\" value=\"6.1.4\" \/><input type=\"hidden\" name=\"_wpcf7_locale\" value=\"de_DE\" \/><input type=\"hidden\" name=\"_wpcf7_unit_tag\" value=\"wpcf7-f2355-o1\" \/><input type=\"hidden\" name=\"_wpcf7_container_post\" value=\"0\" \/><input type=\"hidden\" name=\"_wpcf7_posted_data_hash\" value=\"\" \/><input type=\"hidden\" name=\"_wpcf7_recaptcha_response\" value=\"\" \/>\n<\/fieldset>\n<div class=\"glavni-section\">\n\t<div class=\"glavni-column-levi\">\n\t\t<div class=\"cf7-naslov\">\n\t\t\t<p>Kontakt\n\t\t\t<\/p>\n\t\t\t<p><img decoding=\"async\" src=\"https:\/\/acs-avtomobili.si\/wp-content\/uploads\/2025\/02\/Kontakt.svg\" \/>\n\t\t\t<\/p>\n\t\t<\/div>\n\t\t<div class=\"cf7-two-column\">\n\t\t\t<div class=\"cf7-two-inner-column-levi\">\n\t\t\t\t<p><span class=\"wpcf7-form-control-wrap\" data-name=\"ime-in-priimek\"><input size=\"40\" maxlength=\"400\" class=\"wpcf7-form-control wpcf7-text wpcf7-validates-as-required ime-in-priimek\" aria-required=\"true\" aria-invalid=\"false\" placeholder=\"Vorname und Nachname *\" value=\"\" type=\"text\" name=\"ime-in-priimek\" \/><\/span><br \/>\n<span class=\"wpcf7-form-control-wrap\" data-name=\"telefon\"><input size=\"40\" maxlength=\"400\" class=\"wpcf7-form-control wpcf7-tel wpcf7-validates-as-required wpcf7-text wpcf7-validates-as-tel telefon\" aria-required=\"true\" aria-invalid=\"false\" placeholder=\"Phone *\" value=\"\" type=\"tel\" name=\"telefon\" \/><\/span>\n\t\t\t\t<\/p>\n\t\t\t<\/div>\n\t\t\t<div class=\"cf7-two-inner-column-desni\">\n\t\t\t\t<p><span class=\"wpcf7-form-control-wrap\" data-name=\"email\"><input size=\"40\" maxlength=\"400\" class=\"wpcf7-form-control wpcf7-email wpcf7-validates-as-required wpcf7-text wpcf7-validates-as-email email\" autocomplete=\"email\" aria-required=\"true\" aria-invalid=\"false\" placeholder=\"Email *\" value=\"\" type=\"email\" name=\"email\" \/><\/span><br \/>\n<span class=\"wpcf7-form-control-wrap\" data-name=\"zadeva\"><select class=\"wpcf7-form-control wpcf7-select wpcf7-validates-as-required zadeva\" aria-required=\"true\" aria-invalid=\"false\" name=\"zadeva\"><option value=\"\">Subject *<\/option><option value=\"Ersatzteile\">Ersatzteile<\/option><option value=\"Fahrzeugservice\">Fahrzeugservice<\/option><option value=\"Fahrzeugk\u00e4ufe\">Fahrzeugk\u00e4ufe<\/option><option value=\"Andere\">Andere<\/option><\/select><\/span>\n\t\t\t\t<\/p>\n\t\t\t<\/div>\n\t\t<\/div>\n\t\t<p><span class=\"wpcf7-form-control-wrap\" data-name=\"sporocilo\"><textarea cols=\"40\" rows=\"10\" maxlength=\"2000\" class=\"wpcf7-form-control wpcf7-textarea wpcf7-validates-as-required sporocilo\" aria-required=\"true\" aria-invalid=\"false\" placeholder=\"Nachricht (beschreiben Sie das Fahrzeugmodell und welches Fahrzeugmodell Sie ben\u00f6tigen) *\" name=\"sporocilo\"><\/textarea><\/span>\n\t\t<\/p>\n\t\t<p><button class=\"cf7-button\">Senden an<img decoding=\"async\" src=\"https:\/\/acs-avtomobili.si\/wp-content\/uploads\/2025\/02\/email.svg\" alt=\"E-Mail-Symbol\" class=\"cf7-button-icon\" \/><\/button>\n\t\t<\/p>\n\t<\/div>\n\t<div class=\"glavni-column-desni\">\n\t\t<p>Wenn Sie Ihre pers\u00f6nlichen Daten in die Eingabefelder eingeben und auf die Schaltfl\u00e4che \"ABSCHICKEN\" klicken, speichert und verarbeitet AC\u0160 Avtomobili d.o.o. die eingegebenen Daten zum Zweck der Vorbereitung einer Antwort auf Ihre Nachricht. Weitere Informationen dar\u00fcber, wie AC\u0160 Avtomobili d.o.o. personenbezogene Daten verarbeitet, finden Sie unter dem Link<a href=\"https:\/\/acs-avtomobili.si\/de\/datenschutzbestimmungen\/\"> Datenschutzbestimmungen.<\/a>\n\t\t<\/p>\n\t\t<p><span class=\"wpcf7-form-control-wrap\" data-name=\"acceptance-27\"><span class=\"wpcf7-form-control wpcf7-acceptance optional\"><span class=\"wpcf7-list-item\"><label><input type=\"checkbox\" name=\"acceptance-27\" value=\"1\" class=\"oglasi\" aria-invalid=\"false\" \/><span class=\"wpcf7-list-item-label\">Bitte kreuzen Sie dieses K\u00e4stchen an, wenn Sie damit einverstanden sind, dass AC\u0160 Avtomobili d.o.o. Ihnen auch gelegentlich E-Mails \u00fcber die Produkte des Online-Shops an die von Ihnen angegebene E-Mail-Adresse senden darf. Sie k\u00f6nnen Ihre Zustimmung jederzeit widerrufen, indem Sie den Link in jeder E-Mail verwenden oder uns kontaktieren.  <a href=\"https:\/\/acs-avtomobili.si\/de\/datenschutzbestimmungen\/\">Hier<\/a> erfahren Sie mehr dar\u00fcber, wie wir Ihre personenbezogenen Daten verarbeiten.<\/span><\/label><\/span><\/span><\/span>\n\t\t<\/p>\n\t\t<p>Wir werden Ihre Daten nur f\u00fcr den Zweck verwenden, f\u00fcr den wir Ihre Zustimmung erhalten haben. Wir verwenden Ihre pers\u00f6nlichen Daten vertraulich und geben sie nicht an Dritte weiter. Wir behandeln Ihre Privatsph\u00e4re in \u00dcbereinstimmung mit den Bestimmungen der GDPR und des Gesetzes zum Schutz personenbezogener Daten.\n\t\t<\/p>\n\t\t<p>Sie k\u00f6nnen sich jederzeit abmelden, indem Sie eine E-Mail an senden: <a href=\"mailto:info@acs-avtomobili.si\">info@acs-avtomobili.si<\/a> mit der \u00dcberschrift \"Abmelden\". Sobald die Abmeldeanfrage bearbeitet wurde, wird AC\u0160 Avtomobili d.o.o. aufh\u00f6ren, Ihnen die Inhalte zuzusenden, von denen Sie sich abgemeldet haben. Einzelheiten zur Abmeldung, zur Verarbeitung und zum Schutz personenbezogener Daten finden Sie in den <a href=\"https:\/\/acs-avtomobili.si\/de\/datenschutzbestimmungen\/\">Allgemeinen Gesch\u00e4ftsbedingungen.<\/a>\n\t\t<\/p>\n\t<\/div>\n<\/div><div class=\"wpcf7-response-output\" aria-hidden=\"true\"><\/div>\n<\/form>\n<\/div>\n<\/div>\n\t\t\t\t\t\t<\/div>\n\t\t\t\t<\/div>\n\t\t\t\t<\/div>\n\t\t\t\t<\/div>\n\t\t\t\t\t<\/div>\n\t\t\t\t<\/div>\n\t\t<div class=\"elementor-element elementor-element-c4c5b53 e-con-full e-flex e-con e-parent\" data-id=\"c4c5b53\" data-element_type=\"container\">\n\t\t\t\t<div class=\"elementor-element elementor-element-3a9a822 elementor-widget elementor-widget-google_maps\" data-id=\"3a9a822\" data-element_type=\"widget\" data-widget_type=\"google_maps.default\">\n\t\t\t\t<div class=\"elementor-widget-container\">\n\t\t\t\t\t\t\t<div class=\"elementor-custom-embed\">\n\t\t\t<iframe loading=\"lazy\"\n\t\t\t\t\tsrc=\"https:\/\/maps.google.com\/maps?q=AC%C5%A0%20Avtomobili%2C%20d.o.o.&#038;t=m&#038;z=14&#038;output=embed&#038;iwloc=near\"\n\t\t\t\t\ttitle=\"AC\u0160 Avtomobili, d.o.o.\"\n\t\t\t\t\taria-label=\"AC\u0160 Avtomobili, d.o.o.\"\n\t\t\t><\/iframe>\n\t\t<\/div>\n\t\t\t\t\t\t<\/div>\n\t\t\t\t<\/div>\n\t\t\t\t<\/div>\n\t\t\t\t<\/div>\n\t\t","protected":false},"excerpt":{"rendered":"Kontakt AC\u0160 Avtomobili, d.o.o. Jedlovnik 1A, 2201, Zgornja Kungota Registrierungsnummer: 2371162000Steuernummer: SI47731109Mehrwertsteuerpflichtig: JA TRR: SI56 0451 5000 2208 713 &#8211; Nova KBM d.d.TRR: SI56 3000 0001 3639 788 &#8211; Sberbank d.d.TRR: SI56 3300 0000 7567 155 &#8211; Addiko bank d.d. Die \u00d6ffnungszeiten Mo &#8211; Fr: 8:00 &#8211; 12:00, 13:00 &#8211; 17:00Samstag: 8:00 &#8211; 12:00Sonntag: geschlossen&#8230; <a class=\"view-article\" href=\"https:\/\/acs-avtomobili.si\/de\/kontakt\/\">View Article<\/a>","protected":false},"author":3,"featured_media":0,"parent":0,"menu_order":0,"comment_status":"closed","ping_status":"closed","template":"","meta":{"footnotes":""},"class_list":["post-2336","page","type-page","status-publish","hentry"],"_links":{"self":[{"href":"https:\/\/acs-avtomobili.si\/de\/wp-json\/wp\/v2\/pages\/2336","targetHints":{"allow":["GET"]}}],"collection":[{"href":"https:\/\/acs-avtomobili.si\/de\/wp-json\/wp\/v2\/pages"}],"about":[{"href":"https:\/\/acs-avtomobili.si\/de\/wp-json\/wp\/v2\/types\/page"}],"author":[{"embeddable":true,"href":"https:\/\/acs-avtomobili.si\/de\/wp-json\/wp\/v2\/users\/3"}],"replies":[{"embeddable":true,"href":"https:\/\/acs-avtomobili.si\/de\/wp-json\/wp\/v2\/comments?post=2336"}],"version-history":[{"count":2,"href":"https:\/\/acs-avtomobili.si\/de\/wp-json\/wp\/v2\/pages\/2336\/revisions"}],"predecessor-version":[{"id":2338,"href":"https:\/\/acs-avtomobili.si\/de\/wp-json\/wp\/v2\/pages\/2336\/revisions\/2338"}],"wp:attachment":[{"href":"https:\/\/acs-avtomobili.si\/de\/wp-json\/wp\/v2\/media?parent=2336"}],"curies":[{"name":"wp","href":"https:\/\/api.w.org\/{rel}","templated":true}]}}