{"id":2625,"date":"2025-02-12T17:31:30","date_gmt":"2025-02-12T16:31:30","guid":{"rendered":"https:\/\/acs-avtomobili.si\/kolacici\/"},"modified":"2025-05-19T07:51:30","modified_gmt":"2025-05-19T06:51:30","slug":"kolacici","status":"publish","type":"page","link":"https:\/\/acs-avtomobili.si\/hr\/kolacici\/","title":{"rendered":"Kola\u010di\u0107i"},"content":{"rendered":"\t\t<div data-elementor-type=\"wp-page\" data-elementor-id=\"2625\" class=\"elementor elementor-2625 elementor-1428\" data-elementor-post-type=\"page\">\n\t\t\t\t<div class=\"elementor-element elementor-element-fc44dd2 e-flex e-con-boxed e-con e-parent\" data-id=\"fc44dd2\" data-element_type=\"container\">\n\t\t\t\t\t<div class=\"e-con-inner\">\n\t\t<div class=\"elementor-element elementor-element-0e077a1 e-con-full e-flex e-con e-child\" data-id=\"0e077a1\" data-element_type=\"container\">\n\t\t\t\t<div class=\"elementor-element elementor-element-5f094ed elementor-widget elementor-widget-text-editor\" data-id=\"5f094ed\" data-element_type=\"widget\" data-widget_type=\"text-editor.default\">\n\t\t\t\t<div class=\"elementor-widget-container\">\n\t\t\t\t\t\t\t\t\t<h3>Sadr\u017eaj<\/h3><ul><li>\u0160to su kola\u010di\u0107i?<\/li><li>Za\u0161to su kola\u010di\u0107i potrebni?<\/li><li>Za\u0161to na\u0161a web stranica koristi kola\u010di\u0107e?<\/li><li>Onemogu\u0107avanje kola\u010di\u0107a<\/li><li>Vrste kola\u010di\u0107a koje koristimo na ovoj web stranici<\/li><li>Tablica kori\u0161tenih kola\u010di\u0107a<\/li><\/ul><h3>\u0160to su kola\u010di\u0107i?<\/h3><p>Kola\u010di\u0107i su male datoteke koje preuzimamo na va\u0161e ra\u010dunalo kako bismo pobolj\u0161ali va\u0161e korisni\u010dko iskustvo. Sami kola\u010di\u0107i ne sadr\u017ee nikakve podatke. Uvijek imate mogu\u0107nost prihvatiti ili odbiti kola\u010di\u0107e. Njihova pohrana je pod potpunom kontrolom preglednika koji korisnik koristi. Kola\u010di\u0107i su male datoteke koje web-stranice koje posje\u0107ujete \u0161alju na va\u0161e ra\u010dunalo i pohranjuju na njemu. Obi\u010dno sadr\u017ee: naziv poslu\u017eitelja s kojeg je kola\u010di\u0107 poslan; vijek trajanja kola\u010di\u0107a; vrijednost (jedinstveni broj). Kola\u010di\u0107i se pohranjuju u direktorij datoteka web preglednika. Sljede\u0107i put kada posjetite web-mjesto, preglednik \u010dita kola\u010di\u0107 i proslje\u0111uje informacije web-mjestu ili drugom entitetu koji je postavio kola\u010di\u0107.       <\/p><h3>Za\u0161to su kola\u010di\u0107i potrebni?<\/h3><p>Oni su temeljni za pru\u017eanje korisni\u010dki prilago\u0111enih online usluga. Interakcija izme\u0111u web korisnika i web stranice je br\u017ea i lak\u0161a uz pomo\u0107 kola\u010di\u0107a. Uz njihovu pomo\u0107, web stranica pamti preferencije i iskustva pojedinca, \u0161tede\u0107i vrijeme i \u010dine\u0107i pregledavanje web stranica u\u010dinkovitijim i jednostavnijim za kori\u0161tenje.  <\/p><p>Neki specifi\u010dni primjeri kori\u0161tenja kola\u010di\u0107a:<\/p><ul><li>Kako bismo pobolj\u0161ali korisni\u010dko iskustvo web stranice, prilago\u0111avamo prikaz sadr\u017eaja posjetiteljima na temelju pro\u0161lih posjeta.<\/li><li>za spremanje izbora prilikom izrade u\u017eeg popisa ure\u0111aja i ponuda te njihove usporedbe<\/li><li>Odr\u017eavamo vas prijavljenima na dijelovima web stranice gdje je potrebna prijava.<\/li><li>prepoznavanje va\u0161eg ure\u0111aja (ra\u010dunala, tableta, mobitela), \u0161to vam omogu\u0107uje prilagodbu prikaza sadr\u017eaja va\u0161em ure\u0111aju<\/li><li>pra\u0107enje posjeta, \u0161to omogu\u0107uje provjeru u\u010dinkovitosti prikaza sadr\u017eaja i relevantnosti oglasa te kontinuirano pobolj\u0161anje web stranica<\/li><li>nu\u017eni su za rad odre\u0111enih usluga (npr. internetske trgovine i drugi oblici e-trgovine itd.)<\/li><\/ul><h3>Za\u0161to na\u0161a web stranica koristi kola\u010di\u0107e?<\/h3><p>Kola\u010di\u0107i su va\u017eno sredstvo za odr\u017eavanje svje\u017eeg i relevantnog sadr\u017eaja koji je u skladu s interesima i preferencijama pojedinog web korisnika. Razlozi za kori\u0161tenje kola\u010di\u0107a proizlaze iz njihovih svojstava, od kojih je jedno pohranjivanje podataka o statusu pojedine web stranice. Kola\u010di\u0107i poma\u017eu u provedbi raznih online usluga (internetskih trgovina), poma\u017eu u prikupljanju raznih statistika, budu\u0107i da su jedini na\u010din pra\u0107enja u\u010destalosti posjeta odre\u0111enoj web stranici. Pomo\u0107u kola\u010di\u0107a, operater web stranice mo\u017ee procijeniti u\u010dinkovitost dizajna svoje web stranice, kao i prikladnost vrste i broja oglasa koji se nude tre\u0107im stranama korisnicima na svojoj web stranici.  <\/p><h3>Onemogu\u0107avanje kola\u010di\u0107a<\/h3><p>Vi odlu\u010dujete ho\u0107ete li dopustiti pohranjivanje kola\u010di\u0107a na svoje ra\u010dunalo ili ne. Postavke kola\u010di\u0107a mo\u017eete kontrolirati i mijenjati pomo\u0107u odabranih postavki web preglednika. Za informacije o postavkama kola\u010di\u0107a odaberite web-preglednik koji koristite.  <\/p><ul><li><a href=\"https:\/\/support.google.com\/chrome\/answer\/95647?hl=sl-sl&amp;p=cpn_cookies\" target=\"_blank\" rel=\"noopener\">Krom<\/a><\/li><li><a href=\"https:\/\/support.mozilla.org\/sl\/kb\/izbrisite-piskotke-podatke-strani\" target=\"_blank\" rel=\"noopener\">Firefox<\/a><\/li><li><a href=\"https:\/\/support.microsoft.com\/sl-si\/windows\/upravljanje-pi%C5%A1kotkov-v-brskalniku-microsoft-edge-ogled-omogo%C4%8Danje-blokiranje-brisanje-in-uporaba-168dab11-0753-043d-7c16-ede5947fc64d\" target=\"_blank\" rel=\"noopener\">Rub<\/a><\/li><li><a href=\"http:\/\/www.opera.com\/help\/tutorials\/security\/cookies\/\" target=\"_blank\" rel=\"noopener\">Opera<\/a> (stranica na engleskom jeziku)<\/li><li><a href=\"https:\/\/support.apple.com\/sl-si\/guide\/safari\/sfri11471\/mac\" target=\"_blank\" rel=\"noopener\">Safari<\/a><\/li><\/ul><h3>Vrste kola\u010di\u0107a koje koristimo na ovoj web stranici<\/h3><p>Sljede\u0107i kola\u010di\u0107i koriste se za osiguranje rada svih funkcija web stranice:<\/p><ul><li>kola\u010di\u0107i u analiti\u010dke svrhe<\/li><li>kola\u010di\u0107 za pra\u0107enje putovanja neregistriranih korisnika<\/li><li>odre\u0111eni sadr\u017eaj prilago\u0111en je odre\u0111enom korisniku, analiza posjeta web stranici omogu\u0107uje kontinuirano pobolj\u0161anje web stranice<\/li><\/ul><p>Detaljan opis svakog kola\u010di\u0107a i vrijeme njegove instalacije mo\u017eete prona\u0107i u tablicama u nastavku:<\/p><ol><li>Grupa: Neophodni kola\u010di\u0107i<br> Kola\u010di\u0107i su tekstualne datoteke koje identificiraju va\u0161e ra\u010dunalo na poslu\u017eitelju. Sami kola\u010di\u0107i ne identificiraju pojedinog korisnika, ve\u0107 ra\u010dunalo koje se koristi za pristup web stranici. Neophodni kola\u010di\u0107i \u010dine web stranicu korisnom omogu\u0107uju\u0107i osnovne funkcije poput navigacije stranicama i pristupa sigurnim podru\u010djima web stranice. Web-stranica ne funkcionira ispravno bez ovih kola\u010di\u0107a.   <br><br><\/li><li>Grupa: Neobavezni\/analiti\u010dki kola\u010di\u0107i<br> Statisti\u010dki kola\u010di\u0107i poma\u017eu vlasnicima web stranica da razumiju kako posjetitelji koriste web stranicu anonimnim prikupljanjem i izvje\u0161tavanjem informacija.<br><br><\/li><li>Grupa: Marketin\u0161ki kola\u010di\u0107i<br> Koriste se za pra\u0107enje korisnika putem web stranice. Svrha je prikazivati \u200b\u200boglase koji su prikladni i zanimljivi za pojedinog korisnika. <\/li><\/ol><h3>Tablica kori\u0161tenih kola\u010di\u0107a<\/h3><div class=\"cky-audit-table-element\"> <\/div>\t\t\t\t\t\t\t\t<\/div>\n\t\t\t\t<\/div>\n\t\t\t\t<\/div>\n\t\t\t\t\t<\/div>\n\t\t\t\t<\/div>\n\t\t\t\t<\/div>\n\t\t","protected":false},"excerpt":{"rendered":"Sadr\u017eaj \u0160to su kola\u010di\u0107i? Za\u0161to su kola\u010di\u0107i potrebni? Za\u0161to na\u0161a web stranica koristi kola\u010di\u0107e? Onemogu\u0107avanje kola\u010di\u0107a Vrste kola\u010di\u0107a koje koristimo na ovoj web stranici Tablica kori\u0161tenih kola\u010di\u0107a \u0160to su kola\u010di\u0107i? Kola\u010di\u0107i su male datoteke koje preuzimamo na va\u0161e ra\u010dunalo kako bismo pobolj\u0161ali va\u0161e korisni\u010dko iskustvo. Sami kola\u010di\u0107i ne sadr\u017ee nikakve podatke. Uvijek imate mogu\u0107nost prihvatiti&#8230; <a class=\"view-article\" href=\"https:\/\/acs-avtomobili.si\/hr\/kolacici\/\">View Article<\/a>","protected":false},"author":3,"featured_media":0,"parent":0,"menu_order":0,"comment_status":"closed","ping_status":"closed","template":"","meta":{"footnotes":""},"class_list":["post-2625","page","type-page","status-publish","hentry"],"_links":{"self":[{"href":"https:\/\/acs-avtomobili.si\/hr\/wp-json\/wp\/v2\/pages\/2625","targetHints":{"allow":["GET"]}}],"collection":[{"href":"https:\/\/acs-avtomobili.si\/hr\/wp-json\/wp\/v2\/pages"}],"about":[{"href":"https:\/\/acs-avtomobili.si\/hr\/wp-json\/wp\/v2\/types\/page"}],"author":[{"embeddable":true,"href":"https:\/\/acs-avtomobili.si\/hr\/wp-json\/wp\/v2\/users\/3"}],"replies":[{"embeddable":true,"href":"https:\/\/acs-avtomobili.si\/hr\/wp-json\/wp\/v2\/comments?post=2625"}],"version-history":[{"count":1,"href":"https:\/\/acs-avtomobili.si\/hr\/wp-json\/wp\/v2\/pages\/2625\/revisions"}],"predecessor-version":[{"id":2626,"href":"https:\/\/acs-avtomobili.si\/hr\/wp-json\/wp\/v2\/pages\/2625\/revisions\/2626"}],"wp:attachment":[{"href":"https:\/\/acs-avtomobili.si\/hr\/wp-json\/wp\/v2\/media?parent=2625"}],"curies":[{"name":"wp","href":"https:\/\/api.w.org\/{rel}","templated":true}]}}